{"id":1415,"date":"2025-02-26T09:35:26","date_gmt":"2025-02-26T09:35:26","guid":{"rendered":"https:\/\/phuketpropertymanager.com\/contact\/"},"modified":"2025-08-05T10:14:55","modified_gmt":"2025-08-05T10:14:55","slug":"contact","status":"publish","type":"page","link":"https:\/\/phuketpropertymanager.com\/fr\/contact\/","title":{"rendered":"Contact"},"content":{"rendered":"\t\t<div data-elementor-type=\"wp-page\" data-elementor-id=\"1415\" class=\"elementor elementor-1415 elementor-28\" data-elementor-post-type=\"page\">\n\t\t\t\t\t\t<section class=\"elementor-section elementor-top-section elementor-element elementor-element-514d2c61 elementor-section-height-min-height elementor-section-boxed elementor-section-height-default elementor-section-items-middle\" data-id=\"514d2c61\" data-element_type=\"section\" data-settings=\"{&quot;background_background&quot;:&quot;classic&quot;}\">\n\t\t\t\t\t\t\t<div class=\"elementor-background-overlay\"><\/div>\n\t\t\t\t\t\t\t<div class=\"elementor-container elementor-column-gap-default\">\n\t\t\t\t\t<div class=\"elementor-column elementor-col-100 elementor-top-column elementor-element elementor-element-6fb80585\" data-id=\"6fb80585\" data-element_type=\"column\">\n\t\t\t<div class=\"elementor-widget-wrap elementor-element-populated\">\n\t\t\t\t\t\t<div class=\"elementor-element elementor-element-41e1dba de_scroll_animation_no elementor-widget elementor-widget-heading\" data-id=\"41e1dba\" data-element_type=\"widget\" data-widget_type=\"heading.default\">\n\t\t\t\t<div class=\"elementor-widget-container\">\n\t\t\t\t\t<h1 class=\"elementor-heading-title elementor-size-default\">Meilleure soci\u00e9t\u00e9 de gestion immobili\u00e8re \u00e0 Phuket<\/h1>\t\t\t\t<\/div>\n\t\t\t\t<\/div>\n\t\t\t\t<div class=\"elementor-element elementor-element-09d7123 de_scroll_animation_no elementor-widget elementor-widget-spacer\" data-id=\"09d7123\" data-element_type=\"widget\" data-widget_type=\"spacer.default\">\n\t\t\t\t<div class=\"elementor-widget-container\">\n\t\t\t\t\t\t\t<div class=\"elementor-spacer\">\n\t\t\t<div class=\"elementor-spacer-inner\"><\/div>\n\t\t<\/div>\n\t\t\t\t\t\t<\/div>\n\t\t\t\t<\/div>\n\t\t\t\t<div class=\"elementor-element elementor-element-37d166ae de_scroll_animation_no elementor-widget elementor-widget-heading\" data-id=\"37d166ae\" data-element_type=\"widget\" data-widget_type=\"heading.default\">\n\t\t\t\t<div class=\"elementor-widget-container\">\n\t\t\t\t\t<p class=\"elementor-heading-title elementor-size-default\">nous contacter<\/p>\t\t\t\t<\/div>\n\t\t\t\t<\/div>\n\t\t\t\t\t<\/div>\n\t\t<\/div>\n\t\t\t\t\t<\/div>\n\t\t<\/section>\n\t\t\t\t<section class=\"elementor-section elementor-top-section elementor-element elementor-element-58c70840 elementor-section-boxed elementor-section-height-default elementor-section-height-default\" data-id=\"58c70840\" data-element_type=\"section\">\n\t\t\t\t\t\t<div class=\"elementor-container elementor-column-gap-default\">\n\t\t\t\t\t<div class=\"elementor-column elementor-col-50 elementor-top-column elementor-element elementor-element-32e67082\" data-id=\"32e67082\" data-element_type=\"column\" data-settings=\"{&quot;background_background&quot;:&quot;classic&quot;}\">\n\t\t\t<div class=\"elementor-widget-wrap elementor-element-populated\">\n\t\t\t\t\t\t<div class=\"elementor-element elementor-element-13ef9ce9 de_scroll_animation_no elementor-widget elementor-widget-heading\" data-id=\"13ef9ce9\" data-element_type=\"widget\" data-widget_type=\"heading.default\">\n\t\t\t\t<div class=\"elementor-widget-container\">\n\t\t\t\t\t<h2 class=\"elementor-heading-title elementor-size-default\">Parlons de nos services de gestion immobili\u00e8re<\/h2>\t\t\t\t<\/div>\n\t\t\t\t<\/div>\n\t\t\t\t<div class=\"elementor-element elementor-element-71d7424 de_scroll_animation_no elementor-widget elementor-widget-heading\" data-id=\"71d7424\" data-element_type=\"widget\" data-widget_type=\"heading.default\">\n\t\t\t\t<div class=\"elementor-widget-container\">\n\t\t\t\t\t<p class=\"elementor-heading-title elementor-size-default\">Laissez-nous un message, et nous vous contacterons rapidement.<\/p>\t\t\t\t<\/div>\n\t\t\t\t<\/div>\n\t\t\t\t<div class=\"elementor-element elementor-element-11d6401 elementor-button-align-stretch de_scroll_animation_no elementor-widget elementor-widget-form\" data-id=\"11d6401\" data-element_type=\"widget\" data-settings=\"{&quot;step_next_label&quot;:&quot;Suivant&quot;,&quot;step_previous_label&quot;:&quot;Pr\\u00e9c\\u00e9dent&quot;,&quot;button_width&quot;:&quot;100&quot;,&quot;step_type&quot;:&quot;number_text&quot;,&quot;step_icon_shape&quot;:&quot;circle&quot;}\" data-widget_type=\"form.default\">\n\t\t\t\t<div class=\"elementor-widget-container\">\n\t\t\t\t\t\t\t<form class=\"elementor-form\" method=\"post\" id=\"form_contact_page\" name=\"contact\">\n\t\t\t<input type=\"hidden\" name=\"post_id\" value=\"1415\"\/>\n\t\t\t<input type=\"hidden\" name=\"form_id\" value=\"11d6401\"\/>\n\t\t\t<input type=\"hidden\" name=\"referer_title\" value=\"Gestionnaire de propri\u00e9t\u00e9 \u00e0 Phuket\" \/>\n\n\t\t\t\n\t\t\t<div class=\"elementor-form-fields-wrapper elementor-labels-\">\n\t\t\t\t\t\t\t\t<div class=\"elementor-field-type-text elementor-field-group elementor-column elementor-field-group-name elementor-col-100\">\n\t\t\t\t\t\t\t\t\t\t\t\t<label for=\"form-field-name\" class=\"elementor-field-label elementor-screen-only\">\n\t\t\t\t\t\t\t\tNom complet\t\t\t\t\t\t\t<\/label>\n\t\t\t\t\t\t\t\t\t\t\t\t\t\t<input size=\"1\" type=\"text\" name=\"form_fields[name]\" id=\"form-field-name\" class=\"elementor-field elementor-size-md  elementor-field-textual\" placeholder=\"Nom complet\">\n\t\t\t\t\t\t\t\t\t\t\t<\/div>\n\t\t\t\t\t\t\t\t<div class=\"elementor-field-type-tel elementor-field-group elementor-column elementor-field-group-field_5e59db6 elementor-col-100\">\n\t\t\t\t\t\t\t\t\t\t\t\t<label for=\"form-field-field_5e59db6\" class=\"elementor-field-label elementor-screen-only\">\n\t\t\t\t\t\t\t\tNum\u00e9ro de t\u00e9l\u00e9phone\t\t\t\t\t\t\t<\/label>\n\t\t\t\t\t\t\t\t<input size=\"1\" type=\"tel\" name=\"form_fields[field_5e59db6]\" id=\"form-field-field_5e59db6\" class=\"elementor-field elementor-size-md  elementor-field-textual\" placeholder=\"Num\u00e9ro de t\u00e9l\u00e9phone | WhatsApp\" pattern=\"[0-9()#&amp;+*-=.]+\" title=\"Only numbers and phone characters (#, -, *, etc) are accepted.\">\n\n\t\t\t\t\t\t<\/div>\n\t\t\t\t\t\t\t\t<div class=\"elementor-field-type-email elementor-field-group elementor-column elementor-field-group-email elementor-col-100 elementor-field-required\">\n\t\t\t\t\t\t\t\t\t\t\t\t<label for=\"form-field-email\" class=\"elementor-field-label elementor-screen-only\">\n\t\t\t\t\t\t\t\tE-mail\t\t\t\t\t\t\t<\/label>\n\t\t\t\t\t\t\t\t\t\t\t\t\t\t<input size=\"1\" type=\"email\" name=\"form_fields[email]\" id=\"form-field-email\" class=\"elementor-field elementor-size-md  elementor-field-textual\" placeholder=\"E-mail\" required=\"required\">\n\t\t\t\t\t\t\t\t\t\t\t<\/div>\n\t\t\t\t\t\t\t\t<div class=\"elementor-field-type-textarea elementor-field-group elementor-column elementor-field-group-message elementor-col-100\">\n\t\t\t\t\t\t\t\t\t\t\t\t<label for=\"form-field-message\" class=\"elementor-field-label elementor-screen-only\">\n\t\t\t\t\t\t\t\tMessage\t\t\t\t\t\t\t<\/label>\n\t\t\t\t\t\t<textarea class=\"elementor-field-textual elementor-field  elementor-size-md\" name=\"form_fields[message]\" id=\"form-field-message\" rows=\"4\" placeholder=\"Message\"><\/textarea>\t\t\t\t<\/div>\n\t\t\t\t\t\t\t\t<div class=\"elementor-field-group elementor-column elementor-field-type-submit elementor-col-100 e-form__buttons\">\n\t\t\t\t\t<button class=\"elementor-button elementor-size-sm\" type=\"submit\">\n\t\t\t\t\t\t<span class=\"elementor-button-content-wrapper\">\n\t\t\t\t\t\t\t\t\t\t\t\t\t\t\t\t\t\t\t\t\t\t<span class=\"elementor-button-text\">ENVOYER LE MESSAGE<\/span>\n\t\t\t\t\t\t\t\t\t\t\t\t\t<\/span>\n\t\t\t\t\t<\/button>\n\t\t\t\t<\/div>\n\t\t\t<\/div>\n\t\t<\/form>\n\t\t\t\t\t\t<\/div>\n\t\t\t\t<\/div>\n\t\t\t\t\t<\/div>\n\t\t<\/div>\n\t\t\t\t<div class=\"elementor-column elementor-col-50 elementor-top-column elementor-element elementor-element-c613a30\" data-id=\"c613a30\" data-element_type=\"column\">\n\t\t\t<div class=\"elementor-widget-wrap elementor-element-populated\">\n\t\t\t\t\t\t<section class=\"elementor-section elementor-inner-section elementor-element elementor-element-61f77bd5 elementor-section-boxed elementor-section-height-default elementor-section-height-default\" data-id=\"61f77bd5\" data-element_type=\"section\" data-settings=\"{&quot;background_background&quot;:&quot;classic&quot;}\">\n\t\t\t\t\t\t<div class=\"elementor-container elementor-column-gap-default\">\n\t\t\t\t\t<div class=\"elementor-column elementor-col-100 elementor-inner-column elementor-element elementor-element-52f3c94d\" data-id=\"52f3c94d\" data-element_type=\"column\">\n\t\t\t<div class=\"elementor-widget-wrap elementor-element-populated\">\n\t\t\t\t\t\t<div class=\"elementor-element elementor-element-1eb10fc de_scroll_animation_no elementor-widget elementor-widget-heading\" data-id=\"1eb10fc\" data-element_type=\"widget\" data-widget_type=\"heading.default\">\n\t\t\t\t<div class=\"elementor-widget-container\">\n\t\t\t\t\t<p class=\"elementor-heading-title elementor-size-default\">Votre soci\u00e9t\u00e9 de gestion immobili\u00e8re de confiance \u00e0 Phuket<\/p>\t\t\t\t<\/div>\n\t\t\t\t<\/div>\n\t\t\t\t<div class=\"elementor-element elementor-element-f26a0c1 de_scroll_animation_no elementor-widget elementor-widget-spacer\" data-id=\"f26a0c1\" data-element_type=\"widget\" data-widget_type=\"spacer.default\">\n\t\t\t\t<div class=\"elementor-widget-container\">\n\t\t\t\t\t\t\t<div class=\"elementor-spacer\">\n\t\t\t<div class=\"elementor-spacer-inner\"><\/div>\n\t\t<\/div>\n\t\t\t\t\t\t<\/div>\n\t\t\t\t<\/div>\n\t\t\t\t<div class=\"elementor-element elementor-element-7b1205a3 de_scroll_animation_no elementor-widget elementor-widget-text-editor\" data-id=\"7b1205a3\" data-element_type=\"widget\" data-widget_type=\"text-editor.default\">\n\t\t\t\t<div class=\"elementor-widget-container\">\n\t\t\t\t\t\t\t\t\t<p data-start=\"64\" data-end=\"467\">Trouver la bonne <strong data-start=\"82\" data-end=\"113\">soci\u00e9t\u00e9 de gestion immobili\u00e8re<\/strong> est essentiel pour prot\u00e9ger votre investissement et maximiser vos revenus locatifs. Notre \u00e9quipe d&rsquo;experts est sp\u00e9cialis\u00e9e dans la gestion de villas et de condos \u00e0 travers Phuket, assurant des op\u00e9rations fluides, des taux d&rsquo;occupation \u00e9lev\u00e9s et une propri\u00e9t\u00e9 sans stress. De la communication avec les clients et les r\u00e9servations \u00e0 l&rsquo;entretien et aux rapports financiers, nous nous occupons de tout pour que vous n&rsquo;ayez pas \u00e0 le faire.  <\/p><p data-start=\"469\" data-end=\"785\">Que vous soyez un propri\u00e9taire \u00e0 la recherche d&rsquo;une <strong data-start=\"515\" data-end=\"554\">soci\u00e9t\u00e9 de gestion immobili\u00e8re<\/strong> de confiance pour superviser des locations de vacances \u00e0 court terme ou des baux \u00e0 long terme, nos solutions sur mesure garantissent un service de premier ordre et une rentabilit\u00e9 optimale. Contactez-nous d\u00e8s aujourd&rsquo;hui et d\u00e9couvrez comment nous pouvons vous aider \u00e0 optimiser votre investissement immobilier \u00e0 Phuket. <\/p>\t\t\t\t\t\t\t\t<\/div>\n\t\t\t\t<\/div>\n\t\t\t\t\t<\/div>\n\t\t<\/div>\n\t\t\t\t\t<\/div>\n\t\t<\/section>\n\t\t\t\t\t<\/div>\n\t\t<\/div>\n\t\t\t\t\t<\/div>\n\t\t<\/section>\n\t\t\t\t<section class=\"elementor-section elementor-top-section elementor-element elementor-element-60a98288 elementor-section-boxed elementor-section-height-default elementor-section-height-default\" data-id=\"60a98288\" data-element_type=\"section\">\n\t\t\t\t\t\t<div class=\"elementor-container elementor-column-gap-default\">\n\t\t\t\t\t<div class=\"elementor-column elementor-col-100 elementor-top-column elementor-element elementor-element-33fcb777\" data-id=\"33fcb777\" data-element_type=\"column\">\n\t\t\t<div class=\"elementor-widget-wrap elementor-element-populated\">\n\t\t\t\t\t\t<div class=\"elementor-element elementor-element-e73a422 de_scroll_animation_no elementor-widget elementor-widget-tf-scroll-top\" data-id=\"e73a422\" data-element_type=\"widget\" data-widget_type=\"tf-scroll-top.default\">\n\t\t\t\t<div class=\"elementor-widget-container\">\n\t\t\t\t\t\t\t<div id=\"tf-scroll-top\" class=\"tf-scroll-top scroll-and-show scroll-top-position-right from-bottom\" data-tabid=\"e73a422\" data-type=\"scroll-and-show\">\r\n\t\t\t<a href=\"#\" class=\"inner-scroll-top\">\r\n\t\t\t\t<span class=\"icon-scroll-top\"><i aria-hidden=\"true\" class=\"fas fa-chevron-up\"><\/i><\/span>\r\n\t\t\t<\/a>\r\n\t\t<\/div>\r\n\t\t\t\t\t\t<\/div>\n\t\t\t\t<\/div>\n\t\t\t\t\t<\/div>\n\t\t<\/div>\n\t\t\t\t\t<\/div>\n\t\t<\/section>\n\t\t\t\t<\/div>\n\t\t","protected":false},"excerpt":{"rendered":"<p>Meilleure soci\u00e9t\u00e9 de gestion immobili\u00e8re \u00e0 Phuket nous contacter Parlons de nos services de gestion immobili\u00e8re Laissez-nous un message, et nous vous contacterons rapidement. Votre soci\u00e9t\u00e9 de gestion immobili\u00e8re de confiance \u00e0 Phuket Trouver la bonne soci\u00e9t\u00e9 de gestion immobili\u00e8re est essentiel pour prot\u00e9ger votre investissement et maximiser vos revenus locatifs. Notre \u00e9quipe d&rsquo;experts est [&hellip;]<\/p>\n","protected":false},"author":1,"featured_media":0,"parent":0,"menu_order":0,"comment_status":"closed","ping_status":"closed","template":"","meta":{"footnotes":""},"class_list":["post-1415","page","type-page","status-publish","hentry"],"yoast_head":"<!-- This site is optimized with the Yoast SEO plugin v24.9 - https:\/\/yoast.com\/wordpress\/plugins\/seo\/ -->\n<title>Meilleure soci\u00e9t\u00e9 de gestion immobili\u00e8re \u00e0 Phuket | contact<\/title>\n<meta name=\"description\" content=\"Besoin d&#039;un gestionnaire immobilier fiable \u00e0 Phuket? Experts en villas et condos. Contactez-nous!\" \/>\n<meta name=\"robots\" content=\"index, follow, max-snippet:-1, max-image-preview:large, max-video-preview:-1\" \/>\n<link rel=\"canonical\" href=\"https:\/\/phuketpropertymanager.com\/fr\/contact\/\" \/>\n<meta property=\"og:locale\" content=\"fr_FR\" \/>\n<meta property=\"og:type\" content=\"article\" \/>\n<meta property=\"og:title\" content=\"Meilleure soci\u00e9t\u00e9 de gestion immobili\u00e8re \u00e0 Phuket | contact\" \/>\n<meta property=\"og:description\" content=\"Besoin d&#039;un gestionnaire immobilier fiable \u00e0 Phuket? Experts en villas et condos. Contactez-nous!\" \/>\n<meta property=\"og:url\" content=\"https:\/\/phuketpropertymanager.com\/fr\/contact\/\" \/>\n<meta property=\"og:site_name\" content=\"Gestionnaire de propri\u00e9t\u00e9 \u00e0 Phuket\" \/>\n<meta property=\"article:modified_time\" content=\"2025-08-05T10:14:55+00:00\" \/>\n<meta name=\"twitter:card\" content=\"summary_large_image\" \/>\n<meta name=\"twitter:label1\" content=\"Dur\u00e9e de lecture estim\u00e9e\" \/>\n\t<meta name=\"twitter:data1\" content=\"1 minute\" \/>\n<script type=\"application\/ld+json\" class=\"yoast-schema-graph\">{\"@context\":\"https:\/\/schema.org\",\"@graph\":[{\"@type\":\"WebPage\",\"@id\":\"https:\/\/phuketpropertymanager.com\/fr\/contact\/\",\"url\":\"https:\/\/phuketpropertymanager.com\/fr\/contact\/\",\"name\":\"Meilleure soci\u00e9t\u00e9 de gestion immobili\u00e8re \u00e0 Phuket | contact\",\"isPartOf\":{\"@id\":\"https:\/\/phuketpropertymanager.com\/fr\/#website\"},\"datePublished\":\"2025-02-26T09:35:26+00:00\",\"dateModified\":\"2025-08-05T10:14:55+00:00\",\"description\":\"Besoin d'un gestionnaire immobilier fiable \u00e0 Phuket? Experts en villas et condos. Contactez-nous!\",\"breadcrumb\":{\"@id\":\"https:\/\/phuketpropertymanager.com\/fr\/contact\/#breadcrumb\"},\"inLanguage\":\"fr-FR\",\"potentialAction\":[{\"@type\":\"ReadAction\",\"target\":[\"https:\/\/phuketpropertymanager.com\/fr\/contact\/\"]}]},{\"@type\":\"BreadcrumbList\",\"@id\":\"https:\/\/phuketpropertymanager.com\/fr\/contact\/#breadcrumb\",\"itemListElement\":[{\"@type\":\"ListItem\",\"position\":1,\"name\":\"Accueil\",\"item\":\"https:\/\/phuketpropertymanager.com\/fr\/gestion-immobiliere-a-phuket\/\"},{\"@type\":\"ListItem\",\"position\":2,\"name\":\"Contact\"}]},{\"@type\":\"WebSite\",\"@id\":\"https:\/\/phuketpropertymanager.com\/fr\/#website\",\"url\":\"https:\/\/phuketpropertymanager.com\/fr\/\",\"name\":\"Gestionnaire de propri\u00e9t\u00e9 \u00e0 Phuket\",\"description\":\"Nous g\u00e9rons. Vous profitez\",\"publisher\":{\"@id\":\"https:\/\/phuketpropertymanager.com\/fr\/#organization\"},\"potentialAction\":[{\"@type\":\"SearchAction\",\"target\":{\"@type\":\"EntryPoint\",\"urlTemplate\":\"https:\/\/phuketpropertymanager.com\/fr\/?s={search_term_string}\"},\"query-input\":{\"@type\":\"PropertyValueSpecification\",\"valueRequired\":true,\"valueName\":\"search_term_string\"}}],\"inLanguage\":\"fr-FR\"},{\"@type\":\"Organization\",\"@id\":\"https:\/\/phuketpropertymanager.com\/fr\/#organization\",\"name\":\"Gestionnaire de propri\u00e9t\u00e9 \u00e0 Phuket\",\"url\":\"https:\/\/phuketpropertymanager.com\/fr\/\",\"logo\":{\"@type\":\"ImageObject\",\"inLanguage\":\"fr-FR\",\"@id\":\"https:\/\/phuketpropertymanager.com\/fr\/#\/schema\/logo\/image\/\",\"url\":\"https:\/\/phuketpropertymanager.com\/wp-content\/uploads\/2025\/02\/BLUEHOUSE-AI-CS6.png\",\"contentUrl\":\"https:\/\/phuketpropertymanager.com\/wp-content\/uploads\/2025\/02\/BLUEHOUSE-AI-CS6.png\",\"width\":5882,\"height\":1676,\"caption\":\"Gestionnaire de propri\u00e9t\u00e9 \u00e0 Phuket\"},\"image\":{\"@id\":\"https:\/\/phuketpropertymanager.com\/fr\/#\/schema\/logo\/image\/\"}}]}<\/script>\n<!-- \/ Yoast SEO plugin. -->","yoast_head_json":{"title":"Meilleure soci\u00e9t\u00e9 de gestion immobili\u00e8re \u00e0 Phuket | contact","description":"Besoin d'un gestionnaire immobilier fiable \u00e0 Phuket? Experts en villas et condos. Contactez-nous!","robots":{"index":"index","follow":"follow","max-snippet":"max-snippet:-1","max-image-preview":"max-image-preview:large","max-video-preview":"max-video-preview:-1"},"canonical":"https:\/\/phuketpropertymanager.com\/fr\/contact\/","og_locale":"fr_FR","og_type":"article","og_title":"Meilleure soci\u00e9t\u00e9 de gestion immobili\u00e8re \u00e0 Phuket | contact","og_description":"Besoin d'un gestionnaire immobilier fiable \u00e0 Phuket? Experts en villas et condos. Contactez-nous!","og_url":"https:\/\/phuketpropertymanager.com\/fr\/contact\/","og_site_name":"Gestionnaire de propri\u00e9t\u00e9 \u00e0 Phuket","article_modified_time":"2025-08-05T10:14:55+00:00","twitter_card":"summary_large_image","twitter_misc":{"Dur\u00e9e de lecture estim\u00e9e":"1 minute"},"schema":{"@context":"https:\/\/schema.org","@graph":[{"@type":"WebPage","@id":"https:\/\/phuketpropertymanager.com\/fr\/contact\/","url":"https:\/\/phuketpropertymanager.com\/fr\/contact\/","name":"Meilleure soci\u00e9t\u00e9 de gestion immobili\u00e8re \u00e0 Phuket | contact","isPartOf":{"@id":"https:\/\/phuketpropertymanager.com\/fr\/#website"},"datePublished":"2025-02-26T09:35:26+00:00","dateModified":"2025-08-05T10:14:55+00:00","description":"Besoin d'un gestionnaire immobilier fiable \u00e0 Phuket? Experts en villas et condos. Contactez-nous!","breadcrumb":{"@id":"https:\/\/phuketpropertymanager.com\/fr\/contact\/#breadcrumb"},"inLanguage":"fr-FR","potentialAction":[{"@type":"ReadAction","target":["https:\/\/phuketpropertymanager.com\/fr\/contact\/"]}]},{"@type":"BreadcrumbList","@id":"https:\/\/phuketpropertymanager.com\/fr\/contact\/#breadcrumb","itemListElement":[{"@type":"ListItem","position":1,"name":"Accueil","item":"https:\/\/phuketpropertymanager.com\/fr\/gestion-immobiliere-a-phuket\/"},{"@type":"ListItem","position":2,"name":"Contact"}]},{"@type":"WebSite","@id":"https:\/\/phuketpropertymanager.com\/fr\/#website","url":"https:\/\/phuketpropertymanager.com\/fr\/","name":"Gestionnaire de propri\u00e9t\u00e9 \u00e0 Phuket","description":"Nous g\u00e9rons. Vous profitez","publisher":{"@id":"https:\/\/phuketpropertymanager.com\/fr\/#organization"},"potentialAction":[{"@type":"SearchAction","target":{"@type":"EntryPoint","urlTemplate":"https:\/\/phuketpropertymanager.com\/fr\/?s={search_term_string}"},"query-input":{"@type":"PropertyValueSpecification","valueRequired":true,"valueName":"search_term_string"}}],"inLanguage":"fr-FR"},{"@type":"Organization","@id":"https:\/\/phuketpropertymanager.com\/fr\/#organization","name":"Gestionnaire de propri\u00e9t\u00e9 \u00e0 Phuket","url":"https:\/\/phuketpropertymanager.com\/fr\/","logo":{"@type":"ImageObject","inLanguage":"fr-FR","@id":"https:\/\/phuketpropertymanager.com\/fr\/#\/schema\/logo\/image\/","url":"https:\/\/phuketpropertymanager.com\/wp-content\/uploads\/2025\/02\/BLUEHOUSE-AI-CS6.png","contentUrl":"https:\/\/phuketpropertymanager.com\/wp-content\/uploads\/2025\/02\/BLUEHOUSE-AI-CS6.png","width":5882,"height":1676,"caption":"Gestionnaire de propri\u00e9t\u00e9 \u00e0 Phuket"},"image":{"@id":"https:\/\/phuketpropertymanager.com\/fr\/#\/schema\/logo\/image\/"}}]}},"_links":{"self":[{"href":"https:\/\/phuketpropertymanager.com\/fr\/wp-json\/wp\/v2\/pages\/1415","targetHints":{"allow":["GET"]}}],"collection":[{"href":"https:\/\/phuketpropertymanager.com\/fr\/wp-json\/wp\/v2\/pages"}],"about":[{"href":"https:\/\/phuketpropertymanager.com\/fr\/wp-json\/wp\/v2\/types\/page"}],"author":[{"embeddable":true,"href":"https:\/\/phuketpropertymanager.com\/fr\/wp-json\/wp\/v2\/users\/1"}],"replies":[{"embeddable":true,"href":"https:\/\/phuketpropertymanager.com\/fr\/wp-json\/wp\/v2\/comments?post=1415"}],"version-history":[{"count":1,"href":"https:\/\/phuketpropertymanager.com\/fr\/wp-json\/wp\/v2\/pages\/1415\/revisions"}],"predecessor-version":[{"id":1416,"href":"https:\/\/phuketpropertymanager.com\/fr\/wp-json\/wp\/v2\/pages\/1415\/revisions\/1416"}],"wp:attachment":[{"href":"https:\/\/phuketpropertymanager.com\/fr\/wp-json\/wp\/v2\/media?parent=1415"}],"curies":[{"name":"wp","href":"https:\/\/api.w.org\/{rel}","templated":true}]}}