{"id":1381,"date":"2025-02-26T09:35:26","date_gmt":"2025-02-26T09:35:26","guid":{"rendered":"https:\/\/phuketpropertymanager.com\/contacto\/"},"modified":"2025-08-05T08:52:08","modified_gmt":"2025-08-05T08:52:08","slug":"contacto","status":"publish","type":"page","link":"https:\/\/phuketpropertymanager.com\/es\/contacto\/","title":{"rendered":"Contacto"},"content":{"rendered":"\t\t<div data-elementor-type=\"wp-page\" data-elementor-id=\"1381\" class=\"elementor elementor-1381 elementor-28\" data-elementor-post-type=\"page\">\n\t\t\t\t\t\t<section class=\"elementor-section elementor-top-section elementor-element elementor-element-514d2c61 elementor-section-height-min-height elementor-section-boxed elementor-section-height-default elementor-section-items-middle\" data-id=\"514d2c61\" data-element_type=\"section\" data-settings=\"{&quot;background_background&quot;:&quot;classic&quot;}\">\n\t\t\t\t\t\t\t<div class=\"elementor-background-overlay\"><\/div>\n\t\t\t\t\t\t\t<div class=\"elementor-container elementor-column-gap-default\">\n\t\t\t\t\t<div class=\"elementor-column elementor-col-100 elementor-top-column elementor-element elementor-element-6fb80585\" data-id=\"6fb80585\" data-element_type=\"column\">\n\t\t\t<div class=\"elementor-widget-wrap elementor-element-populated\">\n\t\t\t\t\t\t<div class=\"elementor-element elementor-element-41e1dba de_scroll_animation_no elementor-widget elementor-widget-heading\" data-id=\"41e1dba\" data-element_type=\"widget\" data-widget_type=\"heading.default\">\n\t\t\t\t<div class=\"elementor-widget-container\">\n\t\t\t\t\t<h1 class=\"elementor-heading-title elementor-size-default\">La mejor empresa de administraci\u00f3n de propiedades en Phuket<\/h1>\t\t\t\t<\/div>\n\t\t\t\t<\/div>\n\t\t\t\t<div class=\"elementor-element elementor-element-09d7123 de_scroll_animation_no elementor-widget elementor-widget-spacer\" data-id=\"09d7123\" data-element_type=\"widget\" data-widget_type=\"spacer.default\">\n\t\t\t\t<div class=\"elementor-widget-container\">\n\t\t\t\t\t\t\t<div class=\"elementor-spacer\">\n\t\t\t<div class=\"elementor-spacer-inner\"><\/div>\n\t\t<\/div>\n\t\t\t\t\t\t<\/div>\n\t\t\t\t<\/div>\n\t\t\t\t<div class=\"elementor-element elementor-element-37d166ae de_scroll_animation_no elementor-widget elementor-widget-heading\" data-id=\"37d166ae\" data-element_type=\"widget\" data-widget_type=\"heading.default\">\n\t\t\t\t<div class=\"elementor-widget-container\">\n\t\t\t\t\t<p class=\"elementor-heading-title elementor-size-default\">cont\u00e1ctenos<\/p>\t\t\t\t<\/div>\n\t\t\t\t<\/div>\n\t\t\t\t\t<\/div>\n\t\t<\/div>\n\t\t\t\t\t<\/div>\n\t\t<\/section>\n\t\t\t\t<section class=\"elementor-section elementor-top-section elementor-element elementor-element-58c70840 elementor-section-boxed elementor-section-height-default elementor-section-height-default\" data-id=\"58c70840\" data-element_type=\"section\">\n\t\t\t\t\t\t<div class=\"elementor-container elementor-column-gap-default\">\n\t\t\t\t\t<div class=\"elementor-column elementor-col-50 elementor-top-column elementor-element elementor-element-32e67082\" data-id=\"32e67082\" data-element_type=\"column\" data-settings=\"{&quot;background_background&quot;:&quot;classic&quot;}\">\n\t\t\t<div class=\"elementor-widget-wrap elementor-element-populated\">\n\t\t\t\t\t\t<div class=\"elementor-element elementor-element-13ef9ce9 de_scroll_animation_no elementor-widget elementor-widget-heading\" data-id=\"13ef9ce9\" data-element_type=\"widget\" data-widget_type=\"heading.default\">\n\t\t\t\t<div class=\"elementor-widget-container\">\n\t\t\t\t\t<h2 class=\"elementor-heading-title elementor-size-default\">Hablemos de nuestros servicios de administraci\u00f3n de propiedades<\/h2>\t\t\t\t<\/div>\n\t\t\t\t<\/div>\n\t\t\t\t<div class=\"elementor-element elementor-element-71d7424 de_scroll_animation_no elementor-widget elementor-widget-heading\" data-id=\"71d7424\" data-element_type=\"widget\" data-widget_type=\"heading.default\">\n\t\t\t\t<div class=\"elementor-widget-container\">\n\t\t\t\t\t<p class=\"elementor-heading-title elementor-size-default\">D\u00e9jenos un mensaje y nos pondremos en contacto con usted en breve.<\/p>\t\t\t\t<\/div>\n\t\t\t\t<\/div>\n\t\t\t\t<div class=\"elementor-element elementor-element-11d6401 elementor-button-align-stretch de_scroll_animation_no elementor-widget elementor-widget-form\" data-id=\"11d6401\" data-element_type=\"widget\" data-settings=\"{&quot;step_next_label&quot;:&quot;Siguiente&quot;,&quot;step_previous_label&quot;:&quot;Anterior&quot;,&quot;button_width&quot;:&quot;100&quot;,&quot;step_type&quot;:&quot;number_text&quot;,&quot;step_icon_shape&quot;:&quot;circle&quot;}\" data-widget_type=\"form.default\">\n\t\t\t\t<div class=\"elementor-widget-container\">\n\t\t\t\t\t\t\t<form class=\"elementor-form\" method=\"post\" id=\"form_contact_page\" name=\"contacto\">\n\t\t\t<input type=\"hidden\" name=\"post_id\" value=\"1381\"\/>\n\t\t\t<input type=\"hidden\" name=\"form_id\" value=\"11d6401\"\/>\n\t\t\t<input type=\"hidden\" name=\"referer_title\" value=\"Administrador de propiedades en Phuket\" \/>\n\n\t\t\t\n\t\t\t<div class=\"elementor-form-fields-wrapper elementor-labels-\">\n\t\t\t\t\t\t\t\t<div class=\"elementor-field-type-text elementor-field-group elementor-column elementor-field-group-name elementor-col-100\">\n\t\t\t\t\t\t\t\t\t\t\t\t<label for=\"form-field-name\" class=\"elementor-field-label elementor-screen-only\">\n\t\t\t\t\t\t\t\tNombre completo\t\t\t\t\t\t\t<\/label>\n\t\t\t\t\t\t\t\t\t\t\t\t\t\t<input size=\"1\" type=\"text\" name=\"form_fields[name]\" id=\"form-field-name\" class=\"elementor-field elementor-size-md  elementor-field-textual\" placeholder=\"Nombre completo\">\n\t\t\t\t\t\t\t\t\t\t\t<\/div>\n\t\t\t\t\t\t\t\t<div class=\"elementor-field-type-tel elementor-field-group elementor-column elementor-field-group-field_5e59db6 elementor-col-100\">\n\t\t\t\t\t\t\t\t\t\t\t\t<label for=\"form-field-field_5e59db6\" class=\"elementor-field-label elementor-screen-only\">\n\t\t\t\t\t\t\t\tN\u00famero de tel\u00e9fono\t\t\t\t\t\t\t<\/label>\n\t\t\t\t\t\t\t\t<input size=\"1\" type=\"tel\" name=\"form_fields[field_5e59db6]\" id=\"form-field-field_5e59db6\" class=\"elementor-field elementor-size-md  elementor-field-textual\" placeholder=\"N\u00famero de tel\u00e9fono | WhatsApp\" pattern=\"[0-9()#&amp;+*-=.]+\" title=\"Only numbers and phone characters (#, -, *, etc) are accepted.\">\n\n\t\t\t\t\t\t<\/div>\n\t\t\t\t\t\t\t\t<div class=\"elementor-field-type-email elementor-field-group elementor-column elementor-field-group-email elementor-col-100 elementor-field-required\">\n\t\t\t\t\t\t\t\t\t\t\t\t<label for=\"form-field-email\" class=\"elementor-field-label elementor-screen-only\">\n\t\t\t\t\t\t\t\tCorreo electr\u00f3nico\t\t\t\t\t\t\t<\/label>\n\t\t\t\t\t\t\t\t\t\t\t\t\t\t<input size=\"1\" type=\"email\" name=\"form_fields[email]\" id=\"form-field-email\" class=\"elementor-field elementor-size-md  elementor-field-textual\" placeholder=\"Correo electr\u00f3nico\" required=\"required\">\n\t\t\t\t\t\t\t\t\t\t\t<\/div>\n\t\t\t\t\t\t\t\t<div class=\"elementor-field-type-textarea elementor-field-group elementor-column elementor-field-group-message elementor-col-100\">\n\t\t\t\t\t\t\t\t\t\t\t\t<label for=\"form-field-message\" class=\"elementor-field-label elementor-screen-only\">\n\t\t\t\t\t\t\t\tMensaje\t\t\t\t\t\t\t<\/label>\n\t\t\t\t\t\t<textarea class=\"elementor-field-textual elementor-field  elementor-size-md\" name=\"form_fields[message]\" id=\"form-field-message\" rows=\"4\" placeholder=\"Mensaje\"><\/textarea>\t\t\t\t<\/div>\n\t\t\t\t\t\t\t\t<div class=\"elementor-field-group elementor-column elementor-field-type-submit elementor-col-100 e-form__buttons\">\n\t\t\t\t\t<button class=\"elementor-button elementor-size-sm\" type=\"submit\">\n\t\t\t\t\t\t<span class=\"elementor-button-content-wrapper\">\n\t\t\t\t\t\t\t\t\t\t\t\t\t\t\t\t\t\t\t\t\t\t<span class=\"elementor-button-text\">ENVIAR MENSAJE<\/span>\n\t\t\t\t\t\t\t\t\t\t\t\t\t<\/span>\n\t\t\t\t\t<\/button>\n\t\t\t\t<\/div>\n\t\t\t<\/div>\n\t\t<\/form>\n\t\t\t\t\t\t<\/div>\n\t\t\t\t<\/div>\n\t\t\t\t\t<\/div>\n\t\t<\/div>\n\t\t\t\t<div class=\"elementor-column elementor-col-50 elementor-top-column elementor-element elementor-element-c613a30\" data-id=\"c613a30\" data-element_type=\"column\">\n\t\t\t<div class=\"elementor-widget-wrap elementor-element-populated\">\n\t\t\t\t\t\t<section class=\"elementor-section elementor-inner-section elementor-element elementor-element-61f77bd5 elementor-section-boxed elementor-section-height-default elementor-section-height-default\" data-id=\"61f77bd5\" data-element_type=\"section\" data-settings=\"{&quot;background_background&quot;:&quot;classic&quot;}\">\n\t\t\t\t\t\t<div class=\"elementor-container elementor-column-gap-default\">\n\t\t\t\t\t<div class=\"elementor-column elementor-col-100 elementor-inner-column elementor-element elementor-element-52f3c94d\" data-id=\"52f3c94d\" data-element_type=\"column\">\n\t\t\t<div class=\"elementor-widget-wrap elementor-element-populated\">\n\t\t\t\t\t\t<div class=\"elementor-element elementor-element-1eb10fc de_scroll_animation_no elementor-widget elementor-widget-heading\" data-id=\"1eb10fc\" data-element_type=\"widget\" data-widget_type=\"heading.default\">\n\t\t\t\t<div class=\"elementor-widget-container\">\n\t\t\t\t\t<p class=\"elementor-heading-title elementor-size-default\">Su empresa de administraci\u00f3n de propiedades de confianza en Phuket<\/p>\t\t\t\t<\/div>\n\t\t\t\t<\/div>\n\t\t\t\t<div class=\"elementor-element elementor-element-f26a0c1 de_scroll_animation_no elementor-widget elementor-widget-spacer\" data-id=\"f26a0c1\" data-element_type=\"widget\" data-widget_type=\"spacer.default\">\n\t\t\t\t<div class=\"elementor-widget-container\">\n\t\t\t\t\t\t\t<div class=\"elementor-spacer\">\n\t\t\t<div class=\"elementor-spacer-inner\"><\/div>\n\t\t<\/div>\n\t\t\t\t\t\t<\/div>\n\t\t\t\t<\/div>\n\t\t\t\t<div class=\"elementor-element elementor-element-7b1205a3 de_scroll_animation_no elementor-widget elementor-widget-text-editor\" data-id=\"7b1205a3\" data-element_type=\"widget\" data-widget_type=\"text-editor.default\">\n\t\t\t\t<div class=\"elementor-widget-container\">\n\t\t\t\t\t\t\t\t\t<p data-start=\"64\" data-end=\"467\">Encontrar la <strong data-start=\"82\" data-end=\"113\">empresa de administraci\u00f3n de propiedades<\/strong> adecuada es esencial para proteger su inversi\u00f3n y maximizar sus ingresos por alquiler. Nuestro equipo de expertos se especializa en la administraci\u00f3n de villas y apartamentos en todo Phuket, garantizando operaciones impecables, altas tasas de ocupaci\u00f3n y una propiedad sin estr\u00e9s. Desde la comunicaci\u00f3n con los hu\u00e9spedes y las reservas hasta el mantenimiento y los informes financieros, nos encargamos de todo para que usted no tenga que hacerlo.  <\/p><p data-start=\"469\" data-end=\"785\">Tanto si es propietario de una propiedad y busca una <strong data-start=\"515\" data-end=\"554\">empresa de administraci\u00f3n de propiedades de confianza<\/strong> para supervisar los alquileres vacacionales a corto plazo o los arrendamientos a largo plazo, nuestras soluciones a medida garantizan un servicio y una rentabilidad de primer nivel. P\u00f3ngase en contacto con nosotros hoy mismo y descubra c\u00f3mo podemos ayudarle a optimizar su inversi\u00f3n inmobiliaria en Phuket. <\/p>\t\t\t\t\t\t\t\t<\/div>\n\t\t\t\t<\/div>\n\t\t\t\t\t<\/div>\n\t\t<\/div>\n\t\t\t\t\t<\/div>\n\t\t<\/section>\n\t\t\t\t\t<\/div>\n\t\t<\/div>\n\t\t\t\t\t<\/div>\n\t\t<\/section>\n\t\t\t\t<section class=\"elementor-section elementor-top-section elementor-element elementor-element-60a98288 elementor-section-boxed elementor-section-height-default elementor-section-height-default\" data-id=\"60a98288\" data-element_type=\"section\">\n\t\t\t\t\t\t<div class=\"elementor-container elementor-column-gap-default\">\n\t\t\t\t\t<div class=\"elementor-column elementor-col-100 elementor-top-column elementor-element elementor-element-33fcb777\" data-id=\"33fcb777\" data-element_type=\"column\">\n\t\t\t<div class=\"elementor-widget-wrap elementor-element-populated\">\n\t\t\t\t\t\t<div class=\"elementor-element elementor-element-e73a422 de_scroll_animation_no elementor-widget elementor-widget-tf-scroll-top\" data-id=\"e73a422\" data-element_type=\"widget\" data-widget_type=\"tf-scroll-top.default\">\n\t\t\t\t<div class=\"elementor-widget-container\">\n\t\t\t\t\t\t\t<div id=\"tf-scroll-top\" class=\"tf-scroll-top scroll-and-show scroll-top-position-right from-bottom\" data-tabid=\"e73a422\" data-type=\"scroll-and-show\">\r\n\t\t\t<a href=\"#\" class=\"inner-scroll-top\">\r\n\t\t\t\t<span class=\"icon-scroll-top\"><i aria-hidden=\"true\" class=\"fas fa-chevron-up\"><\/i><\/span>\r\n\t\t\t<\/a>\r\n\t\t<\/div>\r\n\t\t\t\t\t\t<\/div>\n\t\t\t\t<\/div>\n\t\t\t\t\t<\/div>\n\t\t<\/div>\n\t\t\t\t\t<\/div>\n\t\t<\/section>\n\t\t\t\t<\/div>\n\t\t","protected":false},"excerpt":{"rendered":"<p>La mejor empresa de administraci\u00f3n de propiedades en Phuket cont\u00e1ctenos Hablemos de nuestros servicios de administraci\u00f3n de propiedades D\u00e9jenos un mensaje y nos pondremos en contacto con usted en breve. Su empresa de administraci\u00f3n de propiedades de confianza en Phuket Encontrar la empresa de administraci\u00f3n de propiedades adecuada es esencial para proteger su inversi\u00f3n y [&hellip;]<\/p>\n","protected":false},"author":1,"featured_media":0,"parent":0,"menu_order":0,"comment_status":"closed","ping_status":"closed","template":"","meta":{"footnotes":""},"class_list":["post-1381","page","type-page","status-publish","hentry"],"yoast_head":"<!-- This site is optimized with the Yoast SEO plugin v24.9 - https:\/\/yoast.com\/wordpress\/plugins\/seo\/ -->\n<title>Gesti\u00f3n de propiedades en Phuket | Contacto<\/title>\n<meta name=\"description\" content=\"Gesti\u00f3n de villas y apartamentos en Phuket. \u00a1Cont\u00e1ctenos!\" \/>\n<meta name=\"robots\" content=\"index, follow, max-snippet:-1, max-image-preview:large, max-video-preview:-1\" \/>\n<link rel=\"canonical\" href=\"https:\/\/phuketpropertymanager.com\/es\/contacto\/\" \/>\n<meta property=\"og:locale\" content=\"es_ES\" \/>\n<meta property=\"og:type\" content=\"article\" \/>\n<meta property=\"og:title\" content=\"Gesti\u00f3n de propiedades en Phuket | Contacto\" \/>\n<meta property=\"og:description\" content=\"Gesti\u00f3n de villas y apartamentos en Phuket. \u00a1Cont\u00e1ctenos!\" \/>\n<meta property=\"og:url\" content=\"https:\/\/phuketpropertymanager.com\/es\/contacto\/\" \/>\n<meta property=\"og:site_name\" content=\"Administrador de propiedades en Phuket\" \/>\n<meta property=\"article:modified_time\" content=\"2025-08-05T08:52:08+00:00\" \/>\n<meta name=\"twitter:card\" content=\"summary_large_image\" \/>\n<meta name=\"twitter:label1\" content=\"Tiempo de lectura\" \/>\n\t<meta name=\"twitter:data1\" content=\"1 minuto\" \/>\n<script type=\"application\/ld+json\" class=\"yoast-schema-graph\">{\"@context\":\"https:\/\/schema.org\",\"@graph\":[{\"@type\":\"WebPage\",\"@id\":\"https:\/\/phuketpropertymanager.com\/es\/contacto\/\",\"url\":\"https:\/\/phuketpropertymanager.com\/es\/contacto\/\",\"name\":\"Gesti\u00f3n de propiedades en Phuket | Contacto\",\"isPartOf\":{\"@id\":\"https:\/\/phuketpropertymanager.com\/es\/#website\"},\"datePublished\":\"2025-02-26T09:35:26+00:00\",\"dateModified\":\"2025-08-05T08:52:08+00:00\",\"description\":\"Gesti\u00f3n de villas y apartamentos en Phuket. \u00a1Cont\u00e1ctenos!\",\"breadcrumb\":{\"@id\":\"https:\/\/phuketpropertymanager.com\/es\/contacto\/#breadcrumb\"},\"inLanguage\":\"es\",\"potentialAction\":[{\"@type\":\"ReadAction\",\"target\":[\"https:\/\/phuketpropertymanager.com\/es\/contacto\/\"]}]},{\"@type\":\"BreadcrumbList\",\"@id\":\"https:\/\/phuketpropertymanager.com\/es\/contacto\/#breadcrumb\",\"itemListElement\":[{\"@type\":\"ListItem\",\"position\":1,\"name\":\"Inicio\",\"item\":\"https:\/\/phuketpropertymanager.com\/es\/administracion-de-propiedades-en-phuket\/\"},{\"@type\":\"ListItem\",\"position\":2,\"name\":\"Contacto\"}]},{\"@type\":\"WebSite\",\"@id\":\"https:\/\/phuketpropertymanager.com\/es\/#website\",\"url\":\"https:\/\/phuketpropertymanager.com\/es\/\",\"name\":\"Administrador de propiedades en Phuket\",\"description\":\"Nosotros nos encargamos. Usted se beneficia\",\"publisher\":{\"@id\":\"https:\/\/phuketpropertymanager.com\/es\/#organization\"},\"potentialAction\":[{\"@type\":\"SearchAction\",\"target\":{\"@type\":\"EntryPoint\",\"urlTemplate\":\"https:\/\/phuketpropertymanager.com\/es\/?s={search_term_string}\"},\"query-input\":{\"@type\":\"PropertyValueSpecification\",\"valueRequired\":true,\"valueName\":\"search_term_string\"}}],\"inLanguage\":\"es\"},{\"@type\":\"Organization\",\"@id\":\"https:\/\/phuketpropertymanager.com\/es\/#organization\",\"name\":\"Administrador de propiedades en Phuket\",\"url\":\"https:\/\/phuketpropertymanager.com\/es\/\",\"logo\":{\"@type\":\"ImageObject\",\"inLanguage\":\"es\",\"@id\":\"https:\/\/phuketpropertymanager.com\/es\/#\/schema\/logo\/image\/\",\"url\":\"https:\/\/phuketpropertymanager.com\/wp-content\/uploads\/2025\/02\/BLUEHOUSE-AI-CS6.png\",\"contentUrl\":\"https:\/\/phuketpropertymanager.com\/wp-content\/uploads\/2025\/02\/BLUEHOUSE-AI-CS6.png\",\"width\":5882,\"height\":1676,\"caption\":\"Administrador de propiedades en Phuket\"},\"image\":{\"@id\":\"https:\/\/phuketpropertymanager.com\/es\/#\/schema\/logo\/image\/\"}}]}<\/script>\n<!-- \/ Yoast SEO plugin. -->","yoast_head_json":{"title":"Gesti\u00f3n de propiedades en Phuket | Contacto","description":"Gesti\u00f3n de villas y apartamentos en Phuket. \u00a1Cont\u00e1ctenos!","robots":{"index":"index","follow":"follow","max-snippet":"max-snippet:-1","max-image-preview":"max-image-preview:large","max-video-preview":"max-video-preview:-1"},"canonical":"https:\/\/phuketpropertymanager.com\/es\/contacto\/","og_locale":"es_ES","og_type":"article","og_title":"Gesti\u00f3n de propiedades en Phuket | Contacto","og_description":"Gesti\u00f3n de villas y apartamentos en Phuket. \u00a1Cont\u00e1ctenos!","og_url":"https:\/\/phuketpropertymanager.com\/es\/contacto\/","og_site_name":"Administrador de propiedades en Phuket","article_modified_time":"2025-08-05T08:52:08+00:00","twitter_card":"summary_large_image","twitter_misc":{"Tiempo de lectura":"1 minuto"},"schema":{"@context":"https:\/\/schema.org","@graph":[{"@type":"WebPage","@id":"https:\/\/phuketpropertymanager.com\/es\/contacto\/","url":"https:\/\/phuketpropertymanager.com\/es\/contacto\/","name":"Gesti\u00f3n de propiedades en Phuket | Contacto","isPartOf":{"@id":"https:\/\/phuketpropertymanager.com\/es\/#website"},"datePublished":"2025-02-26T09:35:26+00:00","dateModified":"2025-08-05T08:52:08+00:00","description":"Gesti\u00f3n de villas y apartamentos en Phuket. \u00a1Cont\u00e1ctenos!","breadcrumb":{"@id":"https:\/\/phuketpropertymanager.com\/es\/contacto\/#breadcrumb"},"inLanguage":"es","potentialAction":[{"@type":"ReadAction","target":["https:\/\/phuketpropertymanager.com\/es\/contacto\/"]}]},{"@type":"BreadcrumbList","@id":"https:\/\/phuketpropertymanager.com\/es\/contacto\/#breadcrumb","itemListElement":[{"@type":"ListItem","position":1,"name":"Inicio","item":"https:\/\/phuketpropertymanager.com\/es\/administracion-de-propiedades-en-phuket\/"},{"@type":"ListItem","position":2,"name":"Contacto"}]},{"@type":"WebSite","@id":"https:\/\/phuketpropertymanager.com\/es\/#website","url":"https:\/\/phuketpropertymanager.com\/es\/","name":"Administrador de propiedades en Phuket","description":"Nosotros nos encargamos. Usted se beneficia","publisher":{"@id":"https:\/\/phuketpropertymanager.com\/es\/#organization"},"potentialAction":[{"@type":"SearchAction","target":{"@type":"EntryPoint","urlTemplate":"https:\/\/phuketpropertymanager.com\/es\/?s={search_term_string}"},"query-input":{"@type":"PropertyValueSpecification","valueRequired":true,"valueName":"search_term_string"}}],"inLanguage":"es"},{"@type":"Organization","@id":"https:\/\/phuketpropertymanager.com\/es\/#organization","name":"Administrador de propiedades en Phuket","url":"https:\/\/phuketpropertymanager.com\/es\/","logo":{"@type":"ImageObject","inLanguage":"es","@id":"https:\/\/phuketpropertymanager.com\/es\/#\/schema\/logo\/image\/","url":"https:\/\/phuketpropertymanager.com\/wp-content\/uploads\/2025\/02\/BLUEHOUSE-AI-CS6.png","contentUrl":"https:\/\/phuketpropertymanager.com\/wp-content\/uploads\/2025\/02\/BLUEHOUSE-AI-CS6.png","width":5882,"height":1676,"caption":"Administrador de propiedades en Phuket"},"image":{"@id":"https:\/\/phuketpropertymanager.com\/es\/#\/schema\/logo\/image\/"}}]}},"_links":{"self":[{"href":"https:\/\/phuketpropertymanager.com\/es\/wp-json\/wp\/v2\/pages\/1381","targetHints":{"allow":["GET"]}}],"collection":[{"href":"https:\/\/phuketpropertymanager.com\/es\/wp-json\/wp\/v2\/pages"}],"about":[{"href":"https:\/\/phuketpropertymanager.com\/es\/wp-json\/wp\/v2\/types\/page"}],"author":[{"embeddable":true,"href":"https:\/\/phuketpropertymanager.com\/es\/wp-json\/wp\/v2\/users\/1"}],"replies":[{"embeddable":true,"href":"https:\/\/phuketpropertymanager.com\/es\/wp-json\/wp\/v2\/comments?post=1381"}],"version-history":[{"count":1,"href":"https:\/\/phuketpropertymanager.com\/es\/wp-json\/wp\/v2\/pages\/1381\/revisions"}],"predecessor-version":[{"id":1382,"href":"https:\/\/phuketpropertymanager.com\/es\/wp-json\/wp\/v2\/pages\/1381\/revisions\/1382"}],"wp:attachment":[{"href":"https:\/\/phuketpropertymanager.com\/es\/wp-json\/wp\/v2\/media?parent=1381"}],"curies":[{"name":"wp","href":"https:\/\/api.w.org\/{rel}","templated":true}]}}