{"id":1457,"date":"2025-02-26T09:35:26","date_gmt":"2025-02-26T09:35:26","guid":{"rendered":"https:\/\/phuketpropertymanager.com\/kontakt\/"},"modified":"2025-08-05T10:27:28","modified_gmt":"2025-08-05T10:27:28","slug":"kontakt","status":"publish","type":"page","link":"https:\/\/phuketpropertymanager.com\/de\/kontakt\/","title":{"rendered":"Kontakt"},"content":{"rendered":"\t\t<div data-elementor-type=\"wp-page\" data-elementor-id=\"1457\" class=\"elementor elementor-1457 elementor-28\" data-elementor-post-type=\"page\">\n\t\t\t\t\t\t<section class=\"elementor-section elementor-top-section elementor-element elementor-element-514d2c61 elementor-section-height-min-height elementor-section-boxed elementor-section-height-default elementor-section-items-middle\" data-id=\"514d2c61\" data-element_type=\"section\" data-settings=\"{&quot;background_background&quot;:&quot;classic&quot;}\">\n\t\t\t\t\t\t\t<div class=\"elementor-background-overlay\"><\/div>\n\t\t\t\t\t\t\t<div class=\"elementor-container elementor-column-gap-default\">\n\t\t\t\t\t<div class=\"elementor-column elementor-col-100 elementor-top-column elementor-element elementor-element-6fb80585\" data-id=\"6fb80585\" data-element_type=\"column\">\n\t\t\t<div class=\"elementor-widget-wrap elementor-element-populated\">\n\t\t\t\t\t\t<div class=\"elementor-element elementor-element-41e1dba de_scroll_animation_no elementor-widget elementor-widget-heading\" data-id=\"41e1dba\" data-element_type=\"widget\" data-widget_type=\"heading.default\">\n\t\t\t\t<div class=\"elementor-widget-container\">\n\t\t\t\t\t<h1 class=\"elementor-heading-title elementor-size-default\">Beste Immobilienverwaltungsgesellschaft in Phuket<\/h1>\t\t\t\t<\/div>\n\t\t\t\t<\/div>\n\t\t\t\t<div class=\"elementor-element elementor-element-09d7123 de_scroll_animation_no elementor-widget elementor-widget-spacer\" data-id=\"09d7123\" data-element_type=\"widget\" data-widget_type=\"spacer.default\">\n\t\t\t\t<div class=\"elementor-widget-container\">\n\t\t\t\t\t\t\t<div class=\"elementor-spacer\">\n\t\t\t<div class=\"elementor-spacer-inner\"><\/div>\n\t\t<\/div>\n\t\t\t\t\t\t<\/div>\n\t\t\t\t<\/div>\n\t\t\t\t<div class=\"elementor-element elementor-element-37d166ae de_scroll_animation_no elementor-widget elementor-widget-heading\" data-id=\"37d166ae\" data-element_type=\"widget\" data-widget_type=\"heading.default\">\n\t\t\t\t<div class=\"elementor-widget-container\">\n\t\t\t\t\t<p class=\"elementor-heading-title elementor-size-default\">Kontaktieren Sie uns<\/p>\t\t\t\t<\/div>\n\t\t\t\t<\/div>\n\t\t\t\t\t<\/div>\n\t\t<\/div>\n\t\t\t\t\t<\/div>\n\t\t<\/section>\n\t\t\t\t<section class=\"elementor-section elementor-top-section elementor-element elementor-element-58c70840 elementor-section-boxed elementor-section-height-default elementor-section-height-default\" data-id=\"58c70840\" data-element_type=\"section\">\n\t\t\t\t\t\t<div class=\"elementor-container elementor-column-gap-default\">\n\t\t\t\t\t<div class=\"elementor-column elementor-col-50 elementor-top-column elementor-element elementor-element-32e67082\" data-id=\"32e67082\" data-element_type=\"column\" data-settings=\"{&quot;background_background&quot;:&quot;classic&quot;}\">\n\t\t\t<div class=\"elementor-widget-wrap elementor-element-populated\">\n\t\t\t\t\t\t<div class=\"elementor-element elementor-element-13ef9ce9 de_scroll_animation_no elementor-widget elementor-widget-heading\" data-id=\"13ef9ce9\" data-element_type=\"widget\" data-widget_type=\"heading.default\">\n\t\t\t\t<div class=\"elementor-widget-container\">\n\t\t\t\t\t<h2 class=\"elementor-heading-title elementor-size-default\">Lassen Sie uns \u00fcber unsere Immobilienverwaltungsdienstleistungen sprechen<\/h2>\t\t\t\t<\/div>\n\t\t\t\t<\/div>\n\t\t\t\t<div class=\"elementor-element elementor-element-71d7424 de_scroll_animation_no elementor-widget elementor-widget-heading\" data-id=\"71d7424\" data-element_type=\"widget\" data-widget_type=\"heading.default\">\n\t\t\t\t<div class=\"elementor-widget-container\">\n\t\t\t\t\t<p class=\"elementor-heading-title elementor-size-default\">Hinterlassen Sie uns eine Nachricht, und wir werden Sie in K\u00fcrze kontaktieren.<\/p>\t\t\t\t<\/div>\n\t\t\t\t<\/div>\n\t\t\t\t<div class=\"elementor-element elementor-element-11d6401 elementor-button-align-stretch de_scroll_animation_no elementor-widget elementor-widget-form\" data-id=\"11d6401\" data-element_type=\"widget\" data-settings=\"{&quot;step_next_label&quot;:&quot;Weiter&quot;,&quot;step_previous_label&quot;:&quot;Zur\\u00fcck&quot;,&quot;button_width&quot;:&quot;100&quot;,&quot;step_type&quot;:&quot;number_text&quot;,&quot;step_icon_shape&quot;:&quot;circle&quot;}\" data-widget_type=\"form.default\">\n\t\t\t\t<div class=\"elementor-widget-container\">\n\t\t\t\t\t\t\t<form class=\"elementor-form\" method=\"post\" id=\"form_contact_page\" name=\"Kontakt\">\n\t\t\t<input type=\"hidden\" name=\"post_id\" value=\"1457\"\/>\n\t\t\t<input type=\"hidden\" name=\"form_id\" value=\"11d6401\"\/>\n\t\t\t<input type=\"hidden\" name=\"referer_title\" value=\"Phuket Immobilienverwalter\" \/>\n\n\t\t\t\n\t\t\t<div class=\"elementor-form-fields-wrapper elementor-labels-\">\n\t\t\t\t\t\t\t\t<div class=\"elementor-field-type-text elementor-field-group elementor-column elementor-field-group-name elementor-col-100\">\n\t\t\t\t\t\t\t\t\t\t\t\t<label for=\"form-field-name\" class=\"elementor-field-label elementor-screen-only\">\n\t\t\t\t\t\t\t\tVollst\u00e4ndiger Name\t\t\t\t\t\t\t<\/label>\n\t\t\t\t\t\t\t\t\t\t\t\t\t\t<input size=\"1\" type=\"text\" name=\"form_fields[name]\" id=\"form-field-name\" class=\"elementor-field elementor-size-md  elementor-field-textual\" placeholder=\"Vollst\u00e4ndiger Name\">\n\t\t\t\t\t\t\t\t\t\t\t<\/div>\n\t\t\t\t\t\t\t\t<div class=\"elementor-field-type-tel elementor-field-group elementor-column elementor-field-group-field_5e59db6 elementor-col-100\">\n\t\t\t\t\t\t\t\t\t\t\t\t<label for=\"form-field-field_5e59db6\" class=\"elementor-field-label elementor-screen-only\">\n\t\t\t\t\t\t\t\tTelefonnummer\t\t\t\t\t\t\t<\/label>\n\t\t\t\t\t\t\t\t<input size=\"1\" type=\"tel\" name=\"form_fields[field_5e59db6]\" id=\"form-field-field_5e59db6\" class=\"elementor-field elementor-size-md  elementor-field-textual\" placeholder=\"Telefonnummer | WhatsApp\" pattern=\"[0-9()#&amp;+*-=.]+\" title=\"Only numbers and phone characters (#, -, *, etc) are accepted.\">\n\n\t\t\t\t\t\t<\/div>\n\t\t\t\t\t\t\t\t<div class=\"elementor-field-type-email elementor-field-group elementor-column elementor-field-group-email elementor-col-100 elementor-field-required\">\n\t\t\t\t\t\t\t\t\t\t\t\t<label for=\"form-field-email\" class=\"elementor-field-label elementor-screen-only\">\n\t\t\t\t\t\t\t\tE-Mail\t\t\t\t\t\t\t<\/label>\n\t\t\t\t\t\t\t\t\t\t\t\t\t\t<input size=\"1\" type=\"email\" name=\"form_fields[email]\" id=\"form-field-email\" class=\"elementor-field elementor-size-md  elementor-field-textual\" placeholder=\"E-Mail\" required=\"required\">\n\t\t\t\t\t\t\t\t\t\t\t<\/div>\n\t\t\t\t\t\t\t\t<div class=\"elementor-field-type-textarea elementor-field-group elementor-column elementor-field-group-message elementor-col-100\">\n\t\t\t\t\t\t\t\t\t\t\t\t<label for=\"form-field-message\" class=\"elementor-field-label elementor-screen-only\">\n\t\t\t\t\t\t\t\tNachricht\t\t\t\t\t\t\t<\/label>\n\t\t\t\t\t\t<textarea class=\"elementor-field-textual elementor-field  elementor-size-md\" name=\"form_fields[message]\" id=\"form-field-message\" rows=\"4\" placeholder=\"Nachricht\"><\/textarea>\t\t\t\t<\/div>\n\t\t\t\t\t\t\t\t<div class=\"elementor-field-group elementor-column elementor-field-type-submit elementor-col-100 e-form__buttons\">\n\t\t\t\t\t<button class=\"elementor-button elementor-size-sm\" type=\"submit\">\n\t\t\t\t\t\t<span class=\"elementor-button-content-wrapper\">\n\t\t\t\t\t\t\t\t\t\t\t\t\t\t\t\t\t\t\t\t\t\t<span class=\"elementor-button-text\">NACHRICHT SENDEN<\/span>\n\t\t\t\t\t\t\t\t\t\t\t\t\t<\/span>\n\t\t\t\t\t<\/button>\n\t\t\t\t<\/div>\n\t\t\t<\/div>\n\t\t<\/form>\n\t\t\t\t\t\t<\/div>\n\t\t\t\t<\/div>\n\t\t\t\t\t<\/div>\n\t\t<\/div>\n\t\t\t\t<div class=\"elementor-column elementor-col-50 elementor-top-column elementor-element elementor-element-c613a30\" data-id=\"c613a30\" data-element_type=\"column\">\n\t\t\t<div class=\"elementor-widget-wrap elementor-element-populated\">\n\t\t\t\t\t\t<section class=\"elementor-section elementor-inner-section elementor-element elementor-element-61f77bd5 elementor-section-boxed elementor-section-height-default elementor-section-height-default\" data-id=\"61f77bd5\" data-element_type=\"section\" data-settings=\"{&quot;background_background&quot;:&quot;classic&quot;}\">\n\t\t\t\t\t\t<div class=\"elementor-container elementor-column-gap-default\">\n\t\t\t\t\t<div class=\"elementor-column elementor-col-100 elementor-inner-column elementor-element elementor-element-52f3c94d\" data-id=\"52f3c94d\" data-element_type=\"column\">\n\t\t\t<div class=\"elementor-widget-wrap elementor-element-populated\">\n\t\t\t\t\t\t<div class=\"elementor-element elementor-element-1eb10fc de_scroll_animation_no elementor-widget elementor-widget-heading\" data-id=\"1eb10fc\" data-element_type=\"widget\" data-widget_type=\"heading.default\">\n\t\t\t\t<div class=\"elementor-widget-container\">\n\t\t\t\t\t<p class=\"elementor-heading-title elementor-size-default\">Ihre vertrauensw\u00fcrdige Immobilienverwaltungsgesellschaft in Phuket<\/p>\t\t\t\t<\/div>\n\t\t\t\t<\/div>\n\t\t\t\t<div class=\"elementor-element elementor-element-f26a0c1 de_scroll_animation_no elementor-widget elementor-widget-spacer\" data-id=\"f26a0c1\" data-element_type=\"widget\" data-widget_type=\"spacer.default\">\n\t\t\t\t<div class=\"elementor-widget-container\">\n\t\t\t\t\t\t\t<div class=\"elementor-spacer\">\n\t\t\t<div class=\"elementor-spacer-inner\"><\/div>\n\t\t<\/div>\n\t\t\t\t\t\t<\/div>\n\t\t\t\t<\/div>\n\t\t\t\t<div class=\"elementor-element elementor-element-7b1205a3 de_scroll_animation_no elementor-widget elementor-widget-text-editor\" data-id=\"7b1205a3\" data-element_type=\"widget\" data-widget_type=\"text-editor.default\">\n\t\t\t\t<div class=\"elementor-widget-container\">\n\t\t\t\t\t\t\t\t\t<p data-start=\"64\" data-end=\"467\">Die richtige <strong data-start=\"82\" data-end=\"113\">Immobilienverwaltungsgesellschaft<\/strong> zu finden, ist entscheidend, um Ihre Investition zu sch\u00fctzen und Ihre Mieteinnahmen zu maximieren. Unser Expertenteam ist auf die Verwaltung von Villen und Eigentumswohnungen in ganz Phuket spezialisiert und gew\u00e4hrleistet einen reibungslosen Betrieb, hohe Auslastungsraten und stressfreies Eigentum. Von der G\u00e4stekommunikation und Buchungen bis hin zu Wartung und Finanzberichterstattung k\u00fcmmern wir uns um alles, damit Sie es nicht m\u00fcssen.  <\/p><p data-start=\"469\" data-end=\"785\">Egal, ob Sie ein Immobilienbesitzer sind, der eine <strong data-start=\"515\" data-end=\"554\">vertrauensw\u00fcrdige Immobilienverwaltungsgesellschaft<\/strong> sucht, die kurzfristige Ferienwohnungen oder langfristige Mietverh\u00e4ltnisse verwaltet, unsere ma\u00dfgeschneiderten L\u00f6sungen garantieren erstklassigen Service und Rentabilit\u00e4t. Nehmen Sie noch heute Kontakt auf und entdecken Sie, wie wir Ihnen helfen k\u00f6nnen, Ihre Immobilieninvestition in Phuket zu optimieren. <\/p>\t\t\t\t\t\t\t\t<\/div>\n\t\t\t\t<\/div>\n\t\t\t\t\t<\/div>\n\t\t<\/div>\n\t\t\t\t\t<\/div>\n\t\t<\/section>\n\t\t\t\t\t<\/div>\n\t\t<\/div>\n\t\t\t\t\t<\/div>\n\t\t<\/section>\n\t\t\t\t<section class=\"elementor-section elementor-top-section elementor-element elementor-element-60a98288 elementor-section-boxed elementor-section-height-default elementor-section-height-default\" data-id=\"60a98288\" data-element_type=\"section\">\n\t\t\t\t\t\t<div class=\"elementor-container elementor-column-gap-default\">\n\t\t\t\t\t<div class=\"elementor-column elementor-col-100 elementor-top-column elementor-element elementor-element-33fcb777\" data-id=\"33fcb777\" data-element_type=\"column\">\n\t\t\t<div class=\"elementor-widget-wrap elementor-element-populated\">\n\t\t\t\t\t\t<div class=\"elementor-element elementor-element-e73a422 de_scroll_animation_no elementor-widget elementor-widget-tf-scroll-top\" data-id=\"e73a422\" data-element_type=\"widget\" data-widget_type=\"tf-scroll-top.default\">\n\t\t\t\t<div class=\"elementor-widget-container\">\n\t\t\t\t\t\t\t<div id=\"tf-scroll-top\" class=\"tf-scroll-top scroll-and-show scroll-top-position-right from-bottom\" data-tabid=\"e73a422\" data-type=\"scroll-and-show\">\r\n\t\t\t<a href=\"#\" class=\"inner-scroll-top\">\r\n\t\t\t\t<span class=\"icon-scroll-top\"><i aria-hidden=\"true\" class=\"fas fa-chevron-up\"><\/i><\/span>\r\n\t\t\t<\/a>\r\n\t\t<\/div>\r\n\t\t\t\t\t\t<\/div>\n\t\t\t\t<\/div>\n\t\t\t\t\t<\/div>\n\t\t<\/div>\n\t\t\t\t\t<\/div>\n\t\t<\/section>\n\t\t\t\t<\/div>\n\t\t","protected":false},"excerpt":{"rendered":"<p>Beste Immobilienverwaltungsgesellschaft in Phuket Kontaktieren Sie uns Lassen Sie uns \u00fcber unsere Immobilienverwaltungsdienstleistungen sprechen Hinterlassen Sie uns eine Nachricht, und wir werden Sie in K\u00fcrze kontaktieren. Ihre vertrauensw\u00fcrdige Immobilienverwaltungsgesellschaft in Phuket Die richtige Immobilienverwaltungsgesellschaft zu finden, ist entscheidend, um Ihre Investition zu sch\u00fctzen und Ihre Mieteinnahmen zu maximieren. Unser Expertenteam ist auf die Verwaltung von [&hellip;]<\/p>\n","protected":false},"author":1,"featured_media":0,"parent":0,"menu_order":0,"comment_status":"closed","ping_status":"closed","template":"","meta":{"footnotes":""},"class_list":["post-1457","page","type-page","status-publish","hentry"],"yoast_head":"<!-- This site is optimized with the Yoast SEO plugin v24.9 - https:\/\/yoast.com\/wordpress\/plugins\/seo\/ -->\n<title>Top-Immobilienverwaltungsgesellschaft in Phuket | Kontakt<\/title>\n<meta name=\"description\" content=\"Zuverl\u00e4ssige Immobilienverwaltung in Phuket gesucht? Wir verwalten Villen Wohnungen. Kontaktieren Sie uns!\" \/>\n<meta name=\"robots\" content=\"index, follow, max-snippet:-1, max-image-preview:large, max-video-preview:-1\" \/>\n<link rel=\"canonical\" href=\"https:\/\/phuketpropertymanager.com\/de\/kontakt\/\" \/>\n<meta property=\"og:locale\" content=\"de_DE\" \/>\n<meta property=\"og:type\" content=\"article\" \/>\n<meta property=\"og:title\" content=\"Top-Immobilienverwaltungsgesellschaft in Phuket | Kontakt\" \/>\n<meta property=\"og:description\" content=\"Zuverl\u00e4ssige Immobilienverwaltung in Phuket gesucht? Wir verwalten Villen Wohnungen. Kontaktieren Sie uns!\" \/>\n<meta property=\"og:url\" content=\"https:\/\/phuketpropertymanager.com\/de\/kontakt\/\" \/>\n<meta property=\"og:site_name\" content=\"Phuket Immobilienverwalter\" \/>\n<meta property=\"article:modified_time\" content=\"2025-08-05T10:27:28+00:00\" \/>\n<meta name=\"twitter:card\" content=\"summary_large_image\" \/>\n<meta name=\"twitter:label1\" content=\"Gesch\u00e4tzte Lesezeit\" \/>\n\t<meta name=\"twitter:data1\" content=\"1\u00a0Minute\" \/>\n<script type=\"application\/ld+json\" class=\"yoast-schema-graph\">{\"@context\":\"https:\/\/schema.org\",\"@graph\":[{\"@type\":\"WebPage\",\"@id\":\"https:\/\/phuketpropertymanager.com\/de\/kontakt\/\",\"url\":\"https:\/\/phuketpropertymanager.com\/de\/kontakt\/\",\"name\":\"Top-Immobilienverwaltungsgesellschaft in Phuket | Kontakt\",\"isPartOf\":{\"@id\":\"https:\/\/phuketpropertymanager.com\/de\/#website\"},\"datePublished\":\"2025-02-26T09:35:26+00:00\",\"dateModified\":\"2025-08-05T10:27:28+00:00\",\"description\":\"Zuverl\u00e4ssige Immobilienverwaltung in Phuket gesucht? Wir verwalten Villen Wohnungen. Kontaktieren Sie uns!\",\"breadcrumb\":{\"@id\":\"https:\/\/phuketpropertymanager.com\/de\/kontakt\/#breadcrumb\"},\"inLanguage\":\"de\",\"potentialAction\":[{\"@type\":\"ReadAction\",\"target\":[\"https:\/\/phuketpropertymanager.com\/de\/kontakt\/\"]}]},{\"@type\":\"BreadcrumbList\",\"@id\":\"https:\/\/phuketpropertymanager.com\/de\/kontakt\/#breadcrumb\",\"itemListElement\":[{\"@type\":\"ListItem\",\"position\":1,\"name\":\"Startseite\",\"item\":\"https:\/\/phuketpropertymanager.com\/de\/immobilienverwaltung-phuket\/\"},{\"@type\":\"ListItem\",\"position\":2,\"name\":\"Kontakt\"}]},{\"@type\":\"WebSite\",\"@id\":\"https:\/\/phuketpropertymanager.com\/de\/#website\",\"url\":\"https:\/\/phuketpropertymanager.com\/de\/\",\"name\":\"Phuket Immobilienverwalter\",\"description\":\"Wir k\u00fcmmern uns darum. Sie profitieren\",\"publisher\":{\"@id\":\"https:\/\/phuketpropertymanager.com\/de\/#organization\"},\"potentialAction\":[{\"@type\":\"SearchAction\",\"target\":{\"@type\":\"EntryPoint\",\"urlTemplate\":\"https:\/\/phuketpropertymanager.com\/de\/?s={search_term_string}\"},\"query-input\":{\"@type\":\"PropertyValueSpecification\",\"valueRequired\":true,\"valueName\":\"search_term_string\"}}],\"inLanguage\":\"de\"},{\"@type\":\"Organization\",\"@id\":\"https:\/\/phuketpropertymanager.com\/de\/#organization\",\"name\":\"Phuket Immobilienverwalter\",\"url\":\"https:\/\/phuketpropertymanager.com\/de\/\",\"logo\":{\"@type\":\"ImageObject\",\"inLanguage\":\"de\",\"@id\":\"https:\/\/phuketpropertymanager.com\/de\/#\/schema\/logo\/image\/\",\"url\":\"https:\/\/phuketpropertymanager.com\/wp-content\/uploads\/2025\/02\/BLUEHOUSE-AI-CS6.png\",\"contentUrl\":\"https:\/\/phuketpropertymanager.com\/wp-content\/uploads\/2025\/02\/BLUEHOUSE-AI-CS6.png\",\"width\":5882,\"height\":1676,\"caption\":\"Phuket Immobilienverwalter\"},\"image\":{\"@id\":\"https:\/\/phuketpropertymanager.com\/de\/#\/schema\/logo\/image\/\"}}]}<\/script>\n<!-- \/ Yoast SEO plugin. -->","yoast_head_json":{"title":"Top-Immobilienverwaltungsgesellschaft in Phuket | Kontakt","description":"Zuverl\u00e4ssige Immobilienverwaltung in Phuket gesucht? Wir verwalten Villen Wohnungen. Kontaktieren Sie uns!","robots":{"index":"index","follow":"follow","max-snippet":"max-snippet:-1","max-image-preview":"max-image-preview:large","max-video-preview":"max-video-preview:-1"},"canonical":"https:\/\/phuketpropertymanager.com\/de\/kontakt\/","og_locale":"de_DE","og_type":"article","og_title":"Top-Immobilienverwaltungsgesellschaft in Phuket | Kontakt","og_description":"Zuverl\u00e4ssige Immobilienverwaltung in Phuket gesucht? Wir verwalten Villen Wohnungen. Kontaktieren Sie uns!","og_url":"https:\/\/phuketpropertymanager.com\/de\/kontakt\/","og_site_name":"Phuket Immobilienverwalter","article_modified_time":"2025-08-05T10:27:28+00:00","twitter_card":"summary_large_image","twitter_misc":{"Gesch\u00e4tzte Lesezeit":"1\u00a0Minute"},"schema":{"@context":"https:\/\/schema.org","@graph":[{"@type":"WebPage","@id":"https:\/\/phuketpropertymanager.com\/de\/kontakt\/","url":"https:\/\/phuketpropertymanager.com\/de\/kontakt\/","name":"Top-Immobilienverwaltungsgesellschaft in Phuket | Kontakt","isPartOf":{"@id":"https:\/\/phuketpropertymanager.com\/de\/#website"},"datePublished":"2025-02-26T09:35:26+00:00","dateModified":"2025-08-05T10:27:28+00:00","description":"Zuverl\u00e4ssige Immobilienverwaltung in Phuket gesucht? Wir verwalten Villen Wohnungen. Kontaktieren Sie uns!","breadcrumb":{"@id":"https:\/\/phuketpropertymanager.com\/de\/kontakt\/#breadcrumb"},"inLanguage":"de","potentialAction":[{"@type":"ReadAction","target":["https:\/\/phuketpropertymanager.com\/de\/kontakt\/"]}]},{"@type":"BreadcrumbList","@id":"https:\/\/phuketpropertymanager.com\/de\/kontakt\/#breadcrumb","itemListElement":[{"@type":"ListItem","position":1,"name":"Startseite","item":"https:\/\/phuketpropertymanager.com\/de\/immobilienverwaltung-phuket\/"},{"@type":"ListItem","position":2,"name":"Kontakt"}]},{"@type":"WebSite","@id":"https:\/\/phuketpropertymanager.com\/de\/#website","url":"https:\/\/phuketpropertymanager.com\/de\/","name":"Phuket Immobilienverwalter","description":"Wir k\u00fcmmern uns darum. Sie profitieren","publisher":{"@id":"https:\/\/phuketpropertymanager.com\/de\/#organization"},"potentialAction":[{"@type":"SearchAction","target":{"@type":"EntryPoint","urlTemplate":"https:\/\/phuketpropertymanager.com\/de\/?s={search_term_string}"},"query-input":{"@type":"PropertyValueSpecification","valueRequired":true,"valueName":"search_term_string"}}],"inLanguage":"de"},{"@type":"Organization","@id":"https:\/\/phuketpropertymanager.com\/de\/#organization","name":"Phuket Immobilienverwalter","url":"https:\/\/phuketpropertymanager.com\/de\/","logo":{"@type":"ImageObject","inLanguage":"de","@id":"https:\/\/phuketpropertymanager.com\/de\/#\/schema\/logo\/image\/","url":"https:\/\/phuketpropertymanager.com\/wp-content\/uploads\/2025\/02\/BLUEHOUSE-AI-CS6.png","contentUrl":"https:\/\/phuketpropertymanager.com\/wp-content\/uploads\/2025\/02\/BLUEHOUSE-AI-CS6.png","width":5882,"height":1676,"caption":"Phuket Immobilienverwalter"},"image":{"@id":"https:\/\/phuketpropertymanager.com\/de\/#\/schema\/logo\/image\/"}}]}},"_links":{"self":[{"href":"https:\/\/phuketpropertymanager.com\/de\/wp-json\/wp\/v2\/pages\/1457","targetHints":{"allow":["GET"]}}],"collection":[{"href":"https:\/\/phuketpropertymanager.com\/de\/wp-json\/wp\/v2\/pages"}],"about":[{"href":"https:\/\/phuketpropertymanager.com\/de\/wp-json\/wp\/v2\/types\/page"}],"author":[{"embeddable":true,"href":"https:\/\/phuketpropertymanager.com\/de\/wp-json\/wp\/v2\/users\/1"}],"replies":[{"embeddable":true,"href":"https:\/\/phuketpropertymanager.com\/de\/wp-json\/wp\/v2\/comments?post=1457"}],"version-history":[{"count":1,"href":"https:\/\/phuketpropertymanager.com\/de\/wp-json\/wp\/v2\/pages\/1457\/revisions"}],"predecessor-version":[{"id":1458,"href":"https:\/\/phuketpropertymanager.com\/de\/wp-json\/wp\/v2\/pages\/1457\/revisions\/1458"}],"wp:attachment":[{"href":"https:\/\/phuketpropertymanager.com\/de\/wp-json\/wp\/v2\/media?parent=1457"}],"curies":[{"name":"wp","href":"https:\/\/api.w.org\/{rel}","templated":true}]}}